{"id":1270,"date":"2025-05-30T20:52:54","date_gmt":"2025-05-30T20:52:54","guid":{"rendered":"https:\/\/konrad-gianno.com\/?page_id=1270"},"modified":"2025-06-04T18:52:36","modified_gmt":"2025-06-04T18:52:36","slug":"bedingungen","status":"publish","type":"page","link":"https:\/\/konrad-gianno.com\/de\/bedingungen\/","title":{"rendered":"Bedingungen und Konditionen"},"content":{"rendered":"<h2 class=\"wp-block-heading\">Versand &amp; Lieferung<\/h2>\n\n\n\n<p>Nach Bearbeitung der Bestellung stellt die Giann\u00f2 GmbH eine Rechnung per E-Mail aus, die als Auftragsbest\u00e4tigung dient. Wir liefern die Weine nach Erhalt der Zahlungsbest\u00e4tigung.<\/p>\n\n\n\n<p>F\u00fcr Vinolog-Lieferungen der Schweizerischen Post berechnen wir 10 CHF, f\u00fcr Hauslieferungen im Umkreis von 5 km um die Giann\u00f2 GmbH 5 CHF. Bestellungen \u00fcber 180 CHF sind versandkostenfrei.<\/p>\n\n\n\n<h2 class=\"wp-block-heading\">Verkauf an Minderj\u00e4hrige<\/h2>\n\n\n\n<p>Das Schweizer Gesetz verbietet den Verkauf von Spirituosen, Aperitifs und Alcopops an unter 18-J\u00e4hrige. Der Verkauf von Wein, Apfelwein und Bier ist an Personen unter 16 Jahren verboten.<\/p>\n\n\n\n<p>Um diese gesetzlichen Anforderungen erf\u00fcllen zu k\u00f6nnen, k\u00f6nnen wir die Angabe Ihres Geburtsdatums verlangen.<\/p>\n\n\n\n<h2 class=\"wp-block-heading\">Gro\u00dfhandelsanfragen<\/h2>\n\n\n\n<p><a href=\"#contact\" data-type=\"internal\" data-id=\"#contact\">Kontakt<\/a> f\u00fcr weitere Informationen \u00fcber Gro\u00dfhandels- und Gastronomiepreise.<\/p>\n\n\n\n<h2 class=\"wp-block-heading\">Zahlungsarten<\/h2>\n\n\n\n<ul class=\"wp-block-list\">\n<li>PayPal<\/li>\n<\/ul>","protected":false},"excerpt":{"rendered":"<p>Shipping &amp; Delivery After orders have been processed, Giann\u00f2 GmbH issues an invoice by e-mail, which serves as a confirmation of the order. We will deliver the wines after we receive confirmation of the payment. We charge 10 CHF for Swiss Post Vinolog deliveries, and 5 CHF for home deliveries in a radius of 5 [&hellip;]<\/p>\n","protected":false},"author":1,"featured_media":0,"parent":0,"menu_order":0,"comment_status":"closed","ping_status":"closed","template":"","meta":{"_acf_changed":false,"footnotes":""},"class_list":["post-1270","page","type-page","status-publish","hentry"],"acf":[],"_links":{"self":[{"href":"https:\/\/konrad-gianno.com\/de\/wp-json\/wp\/v2\/pages\/1270","targetHints":{"allow":["GET"]}}],"collection":[{"href":"https:\/\/konrad-gianno.com\/de\/wp-json\/wp\/v2\/pages"}],"about":[{"href":"https:\/\/konrad-gianno.com\/de\/wp-json\/wp\/v2\/types\/page"}],"author":[{"embeddable":true,"href":"https:\/\/konrad-gianno.com\/de\/wp-json\/wp\/v2\/users\/1"}],"replies":[{"embeddable":true,"href":"https:\/\/konrad-gianno.com\/de\/wp-json\/wp\/v2\/comments?post=1270"}],"version-history":[{"count":1,"href":"https:\/\/konrad-gianno.com\/de\/wp-json\/wp\/v2\/pages\/1270\/revisions"}],"predecessor-version":[{"id":1271,"href":"https:\/\/konrad-gianno.com\/de\/wp-json\/wp\/v2\/pages\/1270\/revisions\/1271"}],"wp:attachment":[{"href":"https:\/\/konrad-gianno.com\/de\/wp-json\/wp\/v2\/media?parent=1270"}],"curies":[{"name":"wp","href":"https:\/\/api.w.org\/{rel}","templated":true}]}}