{"id":1183,"date":"2024-05-29T09:34:56","date_gmt":"2024-05-29T09:34:56","guid":{"rendered":"https:\/\/konrad-gianno.com\/?post_type=product&#038;p=1183"},"modified":"2025-05-31T19:05:17","modified_gmt":"2025-05-31T19:05:17","slug":"fab","status":"publish","type":"product","link":"https:\/\/konrad-gianno.com\/de\/produkt\/fab\/","title":{"rendered":"Fab"},"content":{"rendered":"<p><span style=\"font-weight: 400;\">Regionalsieger der 26. Ausgabe der Blauburgundertage in S\u00fcdtirol. <\/span><\/p>\n<p><span style=\"font-weight: 400;\">Dunkles Rubinrot, Aromen von schwarzen Fr\u00fcchten wie Brombeeren und Heidelbeeren. Die Reifung in 228-Liter-Burgunder-Pi\u00e8ces und weitere 6 Monate in Cocciopesto-Amphoren verleihen dem Wein W\u00fcrze und eine angenehme Mineralit\u00e4t. Dieser warmbl\u00fctige Pinot ist nicht vergleichbar mit seinen Verwandten aus k\u00e4lteren Regionen.<\/span><\/p>","protected":false},"excerpt":{"rendered":"<p>Regionalsieger der 26. Auflage der Blauburgundertage in S\u00fcdtirol. Dunkles Rubinrot, Aromen von schwarzen Fr\u00fcchten wie Brombeeren und Heidelbeeren.<\/p>","protected":false},"featured_media":1288,"comment_status":"closed","ping_status":"closed","template":"","meta":{"_acf_changed":false},"product_brand":[],"product_cat":[17],"product_tag":[30],"variety":[31],"class_list":{"0":"post-1183","1":"product","2":"type-product","3":"status-publish","4":"has-post-thumbnail","6":"product_cat-uncategorized","7":"product_tag-pinot-nero","8":"variety-pinot-noir","10":"first","11":"instock","12":"taxable","13":"shipping-taxable","14":"purchasable","15":"product-type-simple"},"acf":[],"_links":{"self":[{"href":"https:\/\/konrad-gianno.com\/de\/wp-json\/wp\/v2\/product\/1183","targetHints":{"allow":["GET"]}}],"collection":[{"href":"https:\/\/konrad-gianno.com\/de\/wp-json\/wp\/v2\/product"}],"about":[{"href":"https:\/\/konrad-gianno.com\/de\/wp-json\/wp\/v2\/types\/product"}],"replies":[{"embeddable":true,"href":"https:\/\/konrad-gianno.com\/de\/wp-json\/wp\/v2\/comments?post=1183"}],"version-history":[{"count":2,"href":"https:\/\/konrad-gianno.com\/de\/wp-json\/wp\/v2\/product\/1183\/revisions"}],"predecessor-version":[{"id":1289,"href":"https:\/\/konrad-gianno.com\/de\/wp-json\/wp\/v2\/product\/1183\/revisions\/1289"}],"wp:featuredmedia":[{"embeddable":true,"href":"https:\/\/konrad-gianno.com\/de\/wp-json\/wp\/v2\/media\/1288"}],"wp:attachment":[{"href":"https:\/\/konrad-gianno.com\/de\/wp-json\/wp\/v2\/media?parent=1183"}],"wp:term":[{"taxonomy":"product_brand","embeddable":true,"href":"https:\/\/konrad-gianno.com\/de\/wp-json\/wp\/v2\/product_brand?post=1183"},{"taxonomy":"product_cat","embeddable":true,"href":"https:\/\/konrad-gianno.com\/de\/wp-json\/wp\/v2\/product_cat?post=1183"},{"taxonomy":"product_tag","embeddable":true,"href":"https:\/\/konrad-gianno.com\/de\/wp-json\/wp\/v2\/product_tag?post=1183"},{"taxonomy":"variety","embeddable":true,"href":"https:\/\/konrad-gianno.com\/de\/wp-json\/wp\/v2\/variety?post=1183"}],"curies":[{"name":"wp","href":"https:\/\/api.w.org\/{rel}","templated":true}]}}