{"id":370,"date":"2025-02-07T10:52:50","date_gmt":"2025-02-07T10:52:50","guid":{"rendered":"http:\/\/konrad-gianno.com\/?post_type=product&#038;p=370"},"modified":"2026-02-16T14:09:35","modified_gmt":"2026-02-16T14:09:35","slug":"dan","status":"publish","type":"product","link":"https:\/\/konrad-gianno.com\/de\/produkt\/dan\/","title":{"rendered":"Dan"},"content":{"rendered":"<p>Eine gelungene italienische Interpretation der Syrah-Traube. \u00c4hnlich wie die gro\u00dfen Syrahs aus dem n\u00f6rdlichen Rh\u00f4netal, aber mit einer zus\u00e4tzlichen Reichhaltigkeit und Frische, die typisch f\u00fcr das umbrische Terroir ist.<\/p>\n<p>Tief violett, ausgepr\u00e4gte Aromen von rosa Pfeffer, roten und schwarzen Fr\u00fcchten. Die helle und erfrischende S\u00e4ure macht es zu einem Vergn\u00fcgen zu trinken. Die Reifung in Barriques aus franz\u00f6sischer Eiche verleiht ihm w\u00fcrzige Noten und einen langen und komplexen Abgang.<\/p>","protected":false},"excerpt":{"rendered":"<p>Eine gelungene italienische Interpretation der Syrah-Traube. \u00c4hnlich wie die gro\u00dfen Syrahs aus dem n\u00f6rdlichen Rh\u00f4netal, aber mit einer zus\u00e4tzlichen Reichhaltigkeit und Frische, die typisch f\u00fcr das umbrische Terroir ist.<\/p>","protected":false},"featured_media":754,"comment_status":"closed","ping_status":"closed","template":"","meta":{"_acf_changed":false},"product_brand":[],"product_cat":[17],"product_tag":[18],"variety":[20],"class_list":{"0":"post-370","1":"product","2":"type-product","3":"status-publish","4":"has-post-thumbnail","6":"product_cat-uncategorized","7":"product_tag-syrah","8":"variety-syrah","10":"first","11":"instock","12":"taxable","13":"shipping-taxable","14":"purchasable","15":"product-type-simple"},"acf":[],"_links":{"self":[{"href":"https:\/\/konrad-gianno.com\/de\/wp-json\/wp\/v2\/product\/370","targetHints":{"allow":["GET"]}}],"collection":[{"href":"https:\/\/konrad-gianno.com\/de\/wp-json\/wp\/v2\/product"}],"about":[{"href":"https:\/\/konrad-gianno.com\/de\/wp-json\/wp\/v2\/types\/product"}],"replies":[{"embeddable":true,"href":"https:\/\/konrad-gianno.com\/de\/wp-json\/wp\/v2\/comments?post=370"}],"version-history":[{"count":17,"href":"https:\/\/konrad-gianno.com\/de\/wp-json\/wp\/v2\/product\/370\/revisions"}],"predecessor-version":[{"id":1454,"href":"https:\/\/konrad-gianno.com\/de\/wp-json\/wp\/v2\/product\/370\/revisions\/1454"}],"wp:featuredmedia":[{"embeddable":true,"href":"https:\/\/konrad-gianno.com\/de\/wp-json\/wp\/v2\/media\/754"}],"wp:attachment":[{"href":"https:\/\/konrad-gianno.com\/de\/wp-json\/wp\/v2\/media?parent=370"}],"wp:term":[{"taxonomy":"product_brand","embeddable":true,"href":"https:\/\/konrad-gianno.com\/de\/wp-json\/wp\/v2\/product_brand?post=370"},{"taxonomy":"product_cat","embeddable":true,"href":"https:\/\/konrad-gianno.com\/de\/wp-json\/wp\/v2\/product_cat?post=370"},{"taxonomy":"product_tag","embeddable":true,"href":"https:\/\/konrad-gianno.com\/de\/wp-json\/wp\/v2\/product_tag?post=370"},{"taxonomy":"variety","embeddable":true,"href":"https:\/\/konrad-gianno.com\/de\/wp-json\/wp\/v2\/variety?post=370"}],"curies":[{"name":"wp","href":"https:\/\/api.w.org\/{rel}","templated":true}]}}