{"id":425,"date":"2025-02-07T14:11:27","date_gmt":"2025-02-07T14:11:27","guid":{"rendered":"http:\/\/konrad-gianno.com\/?post_type=product&#038;p=425"},"modified":"2026-02-16T14:33:15","modified_gmt":"2026-02-16T14:33:15","slug":"ali","status":"publish","type":"product","link":"https:\/\/konrad-gianno.com\/de\/produkt\/ali\/","title":{"rendered":"Ali"},"content":{"rendered":"<p>Eine sehr begrenzte Abf\u00fcllung der seltenen Rebsorte Petit Verdot.<\/p>\n<p>Tiefes Purpurrot, mittlere Intensit\u00e4t. Blumige Aromen von Lilien, reifen Brombeeren, schwarzem Pfeffer und Nelken. Die Reifung in Barriques aus franz\u00f6sischer Eiche verleiht ihm einen runden und weichen K\u00f6rper mit einem langen und komplexen Abgang.<\/p>","protected":false},"excerpt":{"rendered":"<p>Tiefes Purpurrot, mittlere Intensit\u00e4t. Blumige Aromen von Lilien, reifen Brombeeren, schwarzem Pfeffer und Nelken. Die Reifung in Barriques aus franz\u00f6sischer Eiche verleiht ihm einen runden und weichen K\u00f6rper mit einem langen und komplexen Abgang.<\/p>","protected":false},"featured_media":407,"comment_status":"closed","ping_status":"closed","template":"","meta":{"_acf_changed":false},"product_brand":[],"product_cat":[17],"product_tag":[28],"variety":[22],"class_list":{"0":"post-425","1":"product","2":"type-product","3":"status-publish","4":"has-post-thumbnail","6":"product_cat-uncategorized","7":"product_tag-petit-verdot","8":"variety-petit-verdot","10":"first","11":"instock","12":"taxable","13":"shipping-taxable","14":"purchasable","15":"product-type-simple"},"acf":[],"_links":{"self":[{"href":"https:\/\/konrad-gianno.com\/de\/wp-json\/wp\/v2\/product\/425","targetHints":{"allow":["GET"]}}],"collection":[{"href":"https:\/\/konrad-gianno.com\/de\/wp-json\/wp\/v2\/product"}],"about":[{"href":"https:\/\/konrad-gianno.com\/de\/wp-json\/wp\/v2\/types\/product"}],"replies":[{"embeddable":true,"href":"https:\/\/konrad-gianno.com\/de\/wp-json\/wp\/v2\/comments?post=425"}],"version-history":[{"count":8,"href":"https:\/\/konrad-gianno.com\/de\/wp-json\/wp\/v2\/product\/425\/revisions"}],"predecessor-version":[{"id":1453,"href":"https:\/\/konrad-gianno.com\/de\/wp-json\/wp\/v2\/product\/425\/revisions\/1453"}],"wp:featuredmedia":[{"embeddable":true,"href":"https:\/\/konrad-gianno.com\/de\/wp-json\/wp\/v2\/media\/407"}],"wp:attachment":[{"href":"https:\/\/konrad-gianno.com\/de\/wp-json\/wp\/v2\/media?parent=425"}],"wp:term":[{"taxonomy":"product_brand","embeddable":true,"href":"https:\/\/konrad-gianno.com\/de\/wp-json\/wp\/v2\/product_brand?post=425"},{"taxonomy":"product_cat","embeddable":true,"href":"https:\/\/konrad-gianno.com\/de\/wp-json\/wp\/v2\/product_cat?post=425"},{"taxonomy":"product_tag","embeddable":true,"href":"https:\/\/konrad-gianno.com\/de\/wp-json\/wp\/v2\/product_tag?post=425"},{"taxonomy":"variety","embeddable":true,"href":"https:\/\/konrad-gianno.com\/de\/wp-json\/wp\/v2\/variety?post=425"}],"curies":[{"name":"wp","href":"https:\/\/api.w.org\/{rel}","templated":true}]}}