{"id":445,"date":"2025-02-07T14:58:52","date_gmt":"2025-02-07T14:58:52","guid":{"rendered":"http:\/\/konrad-gianno.com\/?post_type=product&#038;p=445"},"modified":"2026-02-16T14:33:50","modified_gmt":"2026-02-16T14:33:50","slug":"mai","status":"publish","type":"product","link":"https:\/\/konrad-gianno.com\/de\/produkt\/mai\/","title":{"rendered":"May"},"content":{"rendered":"<p>Der Flaggschiffwein der Azienda Agricola Poggio Petroso. Hergestellt aus den Klonen Prugnolo Gentile und Brunello Grosso Sangiovese, spiegelt dieser Wein wider, wof\u00fcr Mittelitalien ber\u00fchmt ist, mit einer Qualit\u00e4t, die sich mit den Produkten der h\u00f6chsten DOCG-Klassifizierungen Italiens messen kann.<\/p>\n<p>Mittleres Rubinrot mit ausgepr\u00e4gten Aromen von Wildkirschen, schwarzen Pflaumen und getrockneten Feigen. Kr\u00e4uter- und Wildaromen sowie w\u00fcrzige Noten vom Ausbau in franz\u00f6sischer Eiche verleihen diesem wunderbaren Wein Komplexit\u00e4t. Die festen, reifen Tannine und die erfrischende S\u00e4ure verleihen ihm einen langen und komplexen Abgang.<\/p>","protected":false},"excerpt":{"rendered":"<p>Das Flaggschiff der Azienda Agricola Poggio Petroso, hergestellt aus den Klonen Prugnolo Gentile und Brunello Grosso Sangiovese. Er verk\u00f6rpert den ber\u00fchmten Charakter Mittelitaliens und erreicht DOCG-Qualit\u00e4t.<\/p>","protected":false},"featured_media":755,"comment_status":"closed","ping_status":"closed","template":"","meta":{"_acf_changed":false},"product_brand":[],"product_cat":[17],"product_tag":[18],"variety":[23],"class_list":{"0":"post-445","1":"product","2":"type-product","3":"status-publish","4":"has-post-thumbnail","6":"product_cat-uncategorized","7":"product_tag-syrah","8":"variety-sangiovese","10":"first","11":"instock","12":"taxable","13":"shipping-taxable","14":"purchasable","15":"product-type-simple"},"acf":[],"_links":{"self":[{"href":"https:\/\/konrad-gianno.com\/de\/wp-json\/wp\/v2\/product\/445","targetHints":{"allow":["GET"]}}],"collection":[{"href":"https:\/\/konrad-gianno.com\/de\/wp-json\/wp\/v2\/product"}],"about":[{"href":"https:\/\/konrad-gianno.com\/de\/wp-json\/wp\/v2\/types\/product"}],"replies":[{"embeddable":true,"href":"https:\/\/konrad-gianno.com\/de\/wp-json\/wp\/v2\/comments?post=445"}],"version-history":[{"count":30,"href":"https:\/\/konrad-gianno.com\/de\/wp-json\/wp\/v2\/product\/445\/revisions"}],"predecessor-version":[{"id":1452,"href":"https:\/\/konrad-gianno.com\/de\/wp-json\/wp\/v2\/product\/445\/revisions\/1452"}],"wp:featuredmedia":[{"embeddable":true,"href":"https:\/\/konrad-gianno.com\/de\/wp-json\/wp\/v2\/media\/755"}],"wp:attachment":[{"href":"https:\/\/konrad-gianno.com\/de\/wp-json\/wp\/v2\/media?parent=445"}],"wp:term":[{"taxonomy":"product_brand","embeddable":true,"href":"https:\/\/konrad-gianno.com\/de\/wp-json\/wp\/v2\/product_brand?post=445"},{"taxonomy":"product_cat","embeddable":true,"href":"https:\/\/konrad-gianno.com\/de\/wp-json\/wp\/v2\/product_cat?post=445"},{"taxonomy":"product_tag","embeddable":true,"href":"https:\/\/konrad-gianno.com\/de\/wp-json\/wp\/v2\/product_tag?post=445"},{"taxonomy":"variety","embeddable":true,"href":"https:\/\/konrad-gianno.com\/de\/wp-json\/wp\/v2\/variety?post=445"}],"curies":[{"name":"wp","href":"https:\/\/api.w.org\/{rel}","templated":true}]}}