{"id":1183,"date":"2024-05-29T09:34:56","date_gmt":"2024-05-29T09:34:56","guid":{"rendered":"https:\/\/konrad-gianno.com\/?post_type=product&#038;p=1183"},"modified":"2025-05-31T19:05:17","modified_gmt":"2025-05-31T19:05:17","slug":"fab","status":"publish","type":"product","link":"https:\/\/konrad-gianno.com\/it\/prodotto\/fab\/","title":{"rendered":"Fab"},"content":{"rendered":"<p><span style=\"font-weight: 400;\">Vincitore regionale della 26\u00aa edizione del Blauburgundertage in Alto Adige. <\/span><\/p>\n<p><span style=\"font-weight: 400;\">Rosso rubino scuro, aromi di frutti neri come more e mirtilli. La maturazione in pi\u00e8ces di Borgogna da 228 litri e altri 6 mesi in anfore di cocciopesto conferiscono al vino speziatura e una piacevole mineralit\u00e0. Questo Pinot dal sangue caldo non \u00e8 paragonabile ai suoi parenti delle regioni pi\u00f9 fredde.<\/span><\/p>","protected":false},"excerpt":{"rendered":"<p>Vincitore regionale della 26a edizione delle Giornate del Pinot Nero in Alto Adige. Rosso rubino intenso, aromi di frutti neri come more e mirtilli.<\/p>","protected":false},"featured_media":1288,"comment_status":"closed","ping_status":"closed","template":"","meta":{"_acf_changed":false},"product_brand":[],"product_cat":[17],"product_tag":[30],"variety":[31],"class_list":{"0":"post-1183","1":"product","2":"type-product","3":"status-publish","4":"has-post-thumbnail","6":"product_cat-uncategorized","7":"product_tag-pinot-nero","8":"variety-pinot-noir","10":"first","11":"instock","12":"taxable","13":"shipping-taxable","14":"purchasable","15":"product-type-simple"},"acf":[],"_links":{"self":[{"href":"https:\/\/konrad-gianno.com\/it\/wp-json\/wp\/v2\/product\/1183","targetHints":{"allow":["GET"]}}],"collection":[{"href":"https:\/\/konrad-gianno.com\/it\/wp-json\/wp\/v2\/product"}],"about":[{"href":"https:\/\/konrad-gianno.com\/it\/wp-json\/wp\/v2\/types\/product"}],"replies":[{"embeddable":true,"href":"https:\/\/konrad-gianno.com\/it\/wp-json\/wp\/v2\/comments?post=1183"}],"version-history":[{"count":2,"href":"https:\/\/konrad-gianno.com\/it\/wp-json\/wp\/v2\/product\/1183\/revisions"}],"predecessor-version":[{"id":1289,"href":"https:\/\/konrad-gianno.com\/it\/wp-json\/wp\/v2\/product\/1183\/revisions\/1289"}],"wp:featuredmedia":[{"embeddable":true,"href":"https:\/\/konrad-gianno.com\/it\/wp-json\/wp\/v2\/media\/1288"}],"wp:attachment":[{"href":"https:\/\/konrad-gianno.com\/it\/wp-json\/wp\/v2\/media?parent=1183"}],"wp:term":[{"taxonomy":"product_brand","embeddable":true,"href":"https:\/\/konrad-gianno.com\/it\/wp-json\/wp\/v2\/product_brand?post=1183"},{"taxonomy":"product_cat","embeddable":true,"href":"https:\/\/konrad-gianno.com\/it\/wp-json\/wp\/v2\/product_cat?post=1183"},{"taxonomy":"product_tag","embeddable":true,"href":"https:\/\/konrad-gianno.com\/it\/wp-json\/wp\/v2\/product_tag?post=1183"},{"taxonomy":"variety","embeddable":true,"href":"https:\/\/konrad-gianno.com\/it\/wp-json\/wp\/v2\/variety?post=1183"}],"curies":[{"name":"wp","href":"https:\/\/api.w.org\/{rel}","templated":true}]}}