{"id":445,"date":"2025-02-07T14:58:52","date_gmt":"2025-02-07T14:58:52","guid":{"rendered":"http:\/\/konrad-gianno.com\/?post_type=product&#038;p=445"},"modified":"2026-02-16T14:33:50","modified_gmt":"2026-02-16T14:33:50","slug":"puo","status":"publish","type":"product","link":"https:\/\/konrad-gianno.com\/it\/prodotto\/puo\/","title":{"rendered":"May"},"content":{"rendered":"<p>Il vino di punta dell'Azienda Agricola Poggio Petroso. Prodotto con cloni di Prugnolo Gentile e Brunello Grosso Sangiovese, questo vino riflette ci\u00f2 per cui l'Italia centrale \u00e8 famosa, con una qualit\u00e0 pari ai prodotti delle pi\u00f9 alte DOCG italiane.<\/p>\n<p>Di colore rubino medio, con aromi pronunciati di ciliegie selvatiche, prugne nere e fichi secchi. Aromi di erbe e selvaggina, note speziate dovute all'affinamento in rovere francese aggiungono complessit\u00e0 a questo splendido vino. I tannini sodi e maturi e l'acidit\u00e0 rinfrescante conferiscono un finale lungo e complesso.<\/p>","protected":false},"excerpt":{"rendered":"<p>Il vino di punta dell'Azienda Agricola Poggio Petroso, ottenuto da cloni di Prugnolo Gentile e Brunello Grosso Sangiovese. Incarna il rinomato carattere dell'Italia centrale, raggiungendo la qualit\u00e0 DOCG.<\/p>","protected":false},"featured_media":755,"comment_status":"closed","ping_status":"closed","template":"","meta":{"_acf_changed":false},"product_brand":[],"product_cat":[17],"product_tag":[18],"variety":[23],"class_list":{"0":"post-445","1":"product","2":"type-product","3":"status-publish","4":"has-post-thumbnail","6":"product_cat-uncategorized","7":"product_tag-syrah","8":"variety-sangiovese","10":"first","11":"instock","12":"taxable","13":"shipping-taxable","14":"purchasable","15":"product-type-simple"},"acf":[],"_links":{"self":[{"href":"https:\/\/konrad-gianno.com\/it\/wp-json\/wp\/v2\/product\/445","targetHints":{"allow":["GET"]}}],"collection":[{"href":"https:\/\/konrad-gianno.com\/it\/wp-json\/wp\/v2\/product"}],"about":[{"href":"https:\/\/konrad-gianno.com\/it\/wp-json\/wp\/v2\/types\/product"}],"replies":[{"embeddable":true,"href":"https:\/\/konrad-gianno.com\/it\/wp-json\/wp\/v2\/comments?post=445"}],"version-history":[{"count":30,"href":"https:\/\/konrad-gianno.com\/it\/wp-json\/wp\/v2\/product\/445\/revisions"}],"predecessor-version":[{"id":1452,"href":"https:\/\/konrad-gianno.com\/it\/wp-json\/wp\/v2\/product\/445\/revisions\/1452"}],"wp:featuredmedia":[{"embeddable":true,"href":"https:\/\/konrad-gianno.com\/it\/wp-json\/wp\/v2\/media\/755"}],"wp:attachment":[{"href":"https:\/\/konrad-gianno.com\/it\/wp-json\/wp\/v2\/media?parent=445"}],"wp:term":[{"taxonomy":"product_brand","embeddable":true,"href":"https:\/\/konrad-gianno.com\/it\/wp-json\/wp\/v2\/product_brand?post=445"},{"taxonomy":"product_cat","embeddable":true,"href":"https:\/\/konrad-gianno.com\/it\/wp-json\/wp\/v2\/product_cat?post=445"},{"taxonomy":"product_tag","embeddable":true,"href":"https:\/\/konrad-gianno.com\/it\/wp-json\/wp\/v2\/product_tag?post=445"},{"taxonomy":"variety","embeddable":true,"href":"https:\/\/konrad-gianno.com\/it\/wp-json\/wp\/v2\/variety?post=445"}],"curies":[{"name":"wp","href":"https:\/\/api.w.org\/{rel}","templated":true}]}}